{"id":1415,"date":"2018-09-27T16:42:15","date_gmt":"2018-09-27T14:42:15","guid":{"rendered":"https:\/\/www.retesauriszahre.it\/?page_id=1415"},"modified":"2018-10-05T10:24:02","modified_gmt":"2018-10-05T08:24:02","slug":"chi-siamo","status":"publish","type":"page","link":"https:\/\/www.retesauriszahre.it\/it\/chi-siamo\/","title":{"rendered":"Chi siamo"},"content":{"rendered":"<div class=\"wpb-content-wrapper\"><p>[vc_row el_class=&#8221;mb-70&#8243;][vc_column][\/vc_column][\/vc_row][vc_row][vc_column][vc_column_text el_class=&#8221;script&#8221;]\n<h1>Chi siamo<\/h1>\n<p>[\/vc_column_text][\/vc_column][\/vc_row][vc_row][vc_column][vc_column_text el_class=&#8221;testoHome&#8221;]Persone autentiche che con innovativit\u00e0 vi accolgono in un territorio straordinario: Sauris. La Rete rappresenta le attivit\u00e0 produttive che caratterizzano e contraddistinguono trasversalmente la comunit\u00e0 di Sauris &#8211; Zahre.[\/vc_column_text][\/vc_column][\/vc_row][vc_row el_class=&#8221;mt-70 mb-70&#8243;][vc_column][vc_column_text][slide-anything id=&#8221;1725&#8243;][\/vc_column_text][\/vc_column][\/vc_row][vc_row][vc_column][vc_column_text el_class=&#8221;testoHome&#8221;]La nostra missione \u00e8 di valorizzare le aziende che operano sul territorio, che attraverso i propri prodotti e servizi contribuiscono a trasmettere storia, cultura e autenticit\u00e0 di un luogo unico e straordinario.<\/p>\n<p>&nbsp;<\/p>\n<p>Prodotti agroalimentari, ospitalit\u00e0, artigianato e servizi si fondano in una comune visione d\u2019insieme per individuare modelli di business sempre pi\u00f9 competitivi, senza dimenticare le tradizioni e l\u2019adesione alla quotidianit\u00e0 del territorio.[\/vc_column_text][\/vc_column][\/vc_row][vc_row css=&#8221;.vc_custom_1538727764952{margin-bottom: 0px !important;}&#8221; el_class=&#8221;mt-70&#8243;][vc_column][\/vc_column][\/vc_row]\n<\/div>","protected":false},"excerpt":{"rendered":"<p>[vc_row el_class=&#8221;mb-70&#8243;][vc_column][\/vc_column][\/vc_row][vc_row][vc_column][vc_column_text el_class=&#8221;script&#8221;] Chi siamo [\/vc_column_text][\/vc_column][\/vc_row][vc_row][vc_column][vc_column_text el_class=&#8221;testoHome&#8221;]Persone autentiche che con innovativit\u00e0 vi accolgono in un territorio straordinario: Sauris. La Rete rappresenta le attivit\u00e0 produttive che caratterizzano e contraddistinguono trasversalmente la comunit\u00e0 di Sauris &#8211; Zahre.[\/vc_column_text][\/vc_column][\/vc_row][vc_row el_class=&#8221;mt-70 mb-70&#8243;][vc_column][vc_column_text][slide-anything id=&#8221;1725&#8243;][\/vc_column_text][\/vc_column][\/vc_row][vc_row][vc_column][vc_column_text el_class=&#8221;testoHome&#8221;]La nostra missione \u00e8 di valorizzare le aziende che operano sul territorio, che attraverso i propri prodotti [&hellip;]<\/p>\n","protected":false},"author":22,"featured_media":0,"parent":0,"menu_order":0,"comment_status":"closed","ping_status":"closed","template":"","meta":{"_acf_changed":false,"footnotes":""},"class_list":["post-1415","page","type-page","status-publish","hentry"],"acf":[],"yoast_head":"<!-- This site is optimized with the Yoast SEO plugin v27.5 - https:\/\/yoast.com\/product\/yoast-seo-wordpress\/ -->\n<title>Chi siamo - Rete Sauris Zahre<\/title>\n<meta name=\"robots\" content=\"index, follow, max-snippet:-1, max-image-preview:large, max-video-preview:-1\" \/>\n<link rel=\"canonical\" href=\"https:\/\/www.retesauriszahre.it\/it\/chi-siamo\/\" \/>\n<meta property=\"og:locale\" content=\"it_IT\" \/>\n<meta property=\"og:type\" content=\"article\" \/>\n<meta property=\"og:title\" content=\"Chi siamo - Rete Sauris Zahre\" \/>\n<meta property=\"og:description\" content=\"[vc_row el_class=&#8221;mb-70&#8243;][vc_column][\/vc_column][\/vc_row][vc_row][vc_column][vc_column_text el_class=&#8221;script&#8221;] Chi siamo [\/vc_column_text][\/vc_column][\/vc_row][vc_row][vc_column][vc_column_text el_class=&#8221;testoHome&#8221;]Persone autentiche che con innovativit\u00e0 vi accolgono in un territorio straordinario: Sauris. La Rete rappresenta le attivit\u00e0 produttive che caratterizzano e contraddistinguono trasversalmente la comunit\u00e0 di Sauris &#8211; Zahre.[\/vc_column_text][\/vc_column][\/vc_row][vc_row el_class=&#8221;mt-70 mb-70&#8243;][vc_column][vc_column_text][slide-anything id=&#8221;1725&#8243;][\/vc_column_text][\/vc_column][\/vc_row][vc_row][vc_column][vc_column_text el_class=&#8221;testoHome&#8221;]La nostra missione \u00e8 di valorizzare le aziende che operano sul territorio, che attraverso i propri prodotti [&hellip;]\" \/>\n<meta property=\"og:url\" content=\"https:\/\/www.retesauriszahre.it\/it\/chi-siamo\/\" \/>\n<meta property=\"og:site_name\" content=\"Rete Sauris Zahre\" \/>\n<meta property=\"article:modified_time\" content=\"2018-10-05T08:24:02+00:00\" \/>\n<meta name=\"twitter:card\" content=\"summary_large_image\" \/>\n<meta name=\"twitter:label1\" content=\"Tempo di lettura stimato\" \/>\n\t<meta name=\"twitter:data1\" content=\"1 minuto\" \/>\n<script type=\"application\/ld+json\" class=\"yoast-schema-graph\">{\"@context\":\"https:\\\/\\\/schema.org\",\"@graph\":[{\"@type\":\"WebPage\",\"@id\":\"https:\\\/\\\/www.retesauriszahre.it\\\/it\\\/chi-siamo\\\/\",\"url\":\"https:\\\/\\\/www.retesauriszahre.it\\\/it\\\/chi-siamo\\\/\",\"name\":\"Chi siamo - Rete Sauris Zahre\",\"isPartOf\":{\"@id\":\"https:\\\/\\\/www.retesauriszahre.it\\\/de\\\/#website\"},\"datePublished\":\"2018-09-27T14:42:15+00:00\",\"dateModified\":\"2018-10-05T08:24:02+00:00\",\"breadcrumb\":{\"@id\":\"https:\\\/\\\/www.retesauriszahre.it\\\/it\\\/chi-siamo\\\/#breadcrumb\"},\"inLanguage\":\"it-IT\",\"potentialAction\":[{\"@type\":\"ReadAction\",\"target\":[\"https:\\\/\\\/www.retesauriszahre.it\\\/it\\\/chi-siamo\\\/\"]}]},{\"@type\":\"BreadcrumbList\",\"@id\":\"https:\\\/\\\/www.retesauriszahre.it\\\/it\\\/chi-siamo\\\/#breadcrumb\",\"itemListElement\":[{\"@type\":\"ListItem\",\"position\":1,\"name\":\"Home\",\"item\":\"https:\\\/\\\/www.retesauriszahre.it\\\/it\\\/\"},{\"@type\":\"ListItem\",\"position\":2,\"name\":\"Chi siamo\"}]},{\"@type\":\"WebSite\",\"@id\":\"https:\\\/\\\/www.retesauriszahre.it\\\/de\\\/#website\",\"url\":\"https:\\\/\\\/www.retesauriszahre.it\\\/de\\\/\",\"name\":\"Rete Sauris Zahre\",\"description\":\"La rete imprese di Sauris\",\"publisher\":{\"@id\":\"https:\\\/\\\/www.retesauriszahre.it\\\/de\\\/#organization\"},\"potentialAction\":[{\"@type\":\"SearchAction\",\"target\":{\"@type\":\"EntryPoint\",\"urlTemplate\":\"https:\\\/\\\/www.retesauriszahre.it\\\/de\\\/?s={search_term_string}\"},\"query-input\":{\"@type\":\"PropertyValueSpecification\",\"valueRequired\":true,\"valueName\":\"search_term_string\"}}],\"inLanguage\":\"it-IT\"},{\"@type\":\"Organization\",\"@id\":\"https:\\\/\\\/www.retesauriszahre.it\\\/de\\\/#organization\",\"name\":\"Rete Sauris Zahre\",\"url\":\"https:\\\/\\\/www.retesauriszahre.it\\\/de\\\/\",\"logo\":{\"@type\":\"ImageObject\",\"inLanguage\":\"it-IT\",\"@id\":\"https:\\\/\\\/www.retesauriszahre.it\\\/de\\\/#\\\/schema\\\/logo\\\/image\\\/\",\"url\":\"https:\\\/\\\/www.retesauriszahre.it\\\/wp-content\\\/uploads\\\/2018\\\/09\\\/rete-imprese-sauris-zahre-logo@2x.png\",\"contentUrl\":\"https:\\\/\\\/www.retesauriszahre.it\\\/wp-content\\\/uploads\\\/2018\\\/09\\\/rete-imprese-sauris-zahre-logo@2x.png\",\"width\":133,\"height\":106,\"caption\":\"Rete Sauris Zahre\"},\"image\":{\"@id\":\"https:\\\/\\\/www.retesauriszahre.it\\\/de\\\/#\\\/schema\\\/logo\\\/image\\\/\"}}]}<\/script>\n<!-- \/ Yoast SEO plugin. -->","yoast_head_json":{"title":"Chi siamo - Rete Sauris Zahre","robots":{"index":"index","follow":"follow","max-snippet":"max-snippet:-1","max-image-preview":"max-image-preview:large","max-video-preview":"max-video-preview:-1"},"canonical":"https:\/\/www.retesauriszahre.it\/it\/chi-siamo\/","og_locale":"it_IT","og_type":"article","og_title":"Chi siamo - Rete Sauris Zahre","og_description":"[vc_row el_class=&#8221;mb-70&#8243;][vc_column][\/vc_column][\/vc_row][vc_row][vc_column][vc_column_text el_class=&#8221;script&#8221;] Chi siamo [\/vc_column_text][\/vc_column][\/vc_row][vc_row][vc_column][vc_column_text el_class=&#8221;testoHome&#8221;]Persone autentiche che con innovativit\u00e0 vi accolgono in un territorio straordinario: Sauris. La Rete rappresenta le attivit\u00e0 produttive che caratterizzano e contraddistinguono trasversalmente la comunit\u00e0 di Sauris &#8211; Zahre.[\/vc_column_text][\/vc_column][\/vc_row][vc_row el_class=&#8221;mt-70 mb-70&#8243;][vc_column][vc_column_text][slide-anything id=&#8221;1725&#8243;][\/vc_column_text][\/vc_column][\/vc_row][vc_row][vc_column][vc_column_text el_class=&#8221;testoHome&#8221;]La nostra missione \u00e8 di valorizzare le aziende che operano sul territorio, che attraverso i propri prodotti [&hellip;]","og_url":"https:\/\/www.retesauriszahre.it\/it\/chi-siamo\/","og_site_name":"Rete Sauris Zahre","article_modified_time":"2018-10-05T08:24:02+00:00","twitter_card":"summary_large_image","twitter_misc":{"Tempo di lettura stimato":"1 minuto"},"schema":{"@context":"https:\/\/schema.org","@graph":[{"@type":"WebPage","@id":"https:\/\/www.retesauriszahre.it\/it\/chi-siamo\/","url":"https:\/\/www.retesauriszahre.it\/it\/chi-siamo\/","name":"Chi siamo - Rete Sauris Zahre","isPartOf":{"@id":"https:\/\/www.retesauriszahre.it\/de\/#website"},"datePublished":"2018-09-27T14:42:15+00:00","dateModified":"2018-10-05T08:24:02+00:00","breadcrumb":{"@id":"https:\/\/www.retesauriszahre.it\/it\/chi-siamo\/#breadcrumb"},"inLanguage":"it-IT","potentialAction":[{"@type":"ReadAction","target":["https:\/\/www.retesauriszahre.it\/it\/chi-siamo\/"]}]},{"@type":"BreadcrumbList","@id":"https:\/\/www.retesauriszahre.it\/it\/chi-siamo\/#breadcrumb","itemListElement":[{"@type":"ListItem","position":1,"name":"Home","item":"https:\/\/www.retesauriszahre.it\/it\/"},{"@type":"ListItem","position":2,"name":"Chi siamo"}]},{"@type":"WebSite","@id":"https:\/\/www.retesauriszahre.it\/de\/#website","url":"https:\/\/www.retesauriszahre.it\/de\/","name":"Rete Sauris Zahre","description":"La rete imprese di Sauris","publisher":{"@id":"https:\/\/www.retesauriszahre.it\/de\/#organization"},"potentialAction":[{"@type":"SearchAction","target":{"@type":"EntryPoint","urlTemplate":"https:\/\/www.retesauriszahre.it\/de\/?s={search_term_string}"},"query-input":{"@type":"PropertyValueSpecification","valueRequired":true,"valueName":"search_term_string"}}],"inLanguage":"it-IT"},{"@type":"Organization","@id":"https:\/\/www.retesauriszahre.it\/de\/#organization","name":"Rete Sauris Zahre","url":"https:\/\/www.retesauriszahre.it\/de\/","logo":{"@type":"ImageObject","inLanguage":"it-IT","@id":"https:\/\/www.retesauriszahre.it\/de\/#\/schema\/logo\/image\/","url":"https:\/\/www.retesauriszahre.it\/wp-content\/uploads\/2018\/09\/rete-imprese-sauris-zahre-logo@2x.png","contentUrl":"https:\/\/www.retesauriszahre.it\/wp-content\/uploads\/2018\/09\/rete-imprese-sauris-zahre-logo@2x.png","width":133,"height":106,"caption":"Rete Sauris Zahre"},"image":{"@id":"https:\/\/www.retesauriszahre.it\/de\/#\/schema\/logo\/image\/"}}]}},"_links":{"self":[{"href":"https:\/\/www.retesauriszahre.it\/it\/wp-json\/wp\/v2\/pages\/1415","targetHints":{"allow":["GET"]}}],"collection":[{"href":"https:\/\/www.retesauriszahre.it\/it\/wp-json\/wp\/v2\/pages"}],"about":[{"href":"https:\/\/www.retesauriszahre.it\/it\/wp-json\/wp\/v2\/types\/page"}],"author":[{"embeddable":true,"href":"https:\/\/www.retesauriszahre.it\/it\/wp-json\/wp\/v2\/users\/22"}],"replies":[{"embeddable":true,"href":"https:\/\/www.retesauriszahre.it\/it\/wp-json\/wp\/v2\/comments?post=1415"}],"version-history":[{"count":5,"href":"https:\/\/www.retesauriszahre.it\/it\/wp-json\/wp\/v2\/pages\/1415\/revisions"}],"predecessor-version":[{"id":1731,"href":"https:\/\/www.retesauriszahre.it\/it\/wp-json\/wp\/v2\/pages\/1415\/revisions\/1731"}],"wp:attachment":[{"href":"https:\/\/www.retesauriszahre.it\/it\/wp-json\/wp\/v2\/media?parent=1415"}],"curies":[{"name":"wp","href":"https:\/\/api.w.org\/{rel}","templated":true}]}}